{"id":4974,"date":"2023-09-08T08:19:28","date_gmt":"2023-09-08T06:19:28","guid":{"rendered":"https:\/\/ginesart.net\/?page_id=4974"},"modified":"2023-09-08T09:02:41","modified_gmt":"2023-09-08T07:02:41","slug":"politica-de-cookies","status":"publish","type":"page","link":"https:\/\/ginesart.com\/en\/politica-de-cookies\/","title":{"rendered":"Cookies policy"},"content":{"rendered":"<div class=\"fusion-fullwidth fullwidth-box fusion-builder-row-1 fusion-flex-container nonhundred-percent-fullwidth non-hundred-percent-height-scrolling\" style=\"--awb-border-radius-top-left:0px;--awb-border-radius-top-right:0px;--awb-border-radius-bottom-right:0px;--awb-border-radius-bottom-left:0px;--awb-flex-wrap:wrap;\" ><div class=\"fusion-builder-row fusion-row fusion-flex-align-items-flex-start fusion-flex-content-wrap\" style=\"max-width:1430px;margin-left: calc(-4% \/ 2 );margin-right: calc(-4% \/ 2 );\"><div class=\"fusion-layout-column fusion_builder_column fusion-builder-column-0 fusion_builder_column_1_1 1_1 fusion-flex-column\" style=\"--awb-bg-size:cover;--awb-width-large:100%;--awb-margin-top-large:0px;--awb-spacing-right-large:1.92%;--awb-margin-bottom-large:0px;--awb-spacing-left-large:1.92%;--awb-width-medium:100%;--awb-spacing-right-medium:1.92%;--awb-spacing-left-medium:1.92%;--awb-width-small:100%;--awb-spacing-right-small:1.92%;--awb-spacing-left-small:1.92%;\"><div class=\"fusion-column-wrapper fusion-flex-justify-content-flex-start fusion-content-layout-column\"><div class=\"fusion-text fusion-text-1\"><h1 class=\"fusion-responsive-typography-calculated\" style=\"--fontsize: 70; line-height: 1.2; color: var(--awb-color5);\" data-fontsize=\"70\" data-lineheight=\"84px\">Cookie policy<\/h1>\n<p><span class=\"HwtZe\" lang=\"ca\"><span class=\"jCAhz ChMk0b\"><span class=\"ryNqvb\" style=\"color: var(--awb-color5);\">A cookie is a small text file that is stored in your browser when you visit almost any web page.<\/span><\/span> <span class=\"jCAhz ChMk0b\"><span class=\"ryNqvb\" style=\"color: var(--awb-color5);\">Its usefulness is that the web is able to remember your visit when you return to browse this page.<\/span><\/span> <span class=\"jCAhz ChMk0b\"><span class=\"ryNqvb\" style=\"color: var(--awb-color5);\">Cookies usually store technical information, personal preferences, content personalization, usage statistics, links to social networks, access to user accounts, etc.<\/span><\/span> <span class=\"jCAhz ChMk0b\"><span class=\"ryNqvb\" style=\"color: var(--awb-color5);\">The purpose of cookies is to adapt the content of the website to your profile and needs, without cookies the services offered by any page would be seen the services offered by any page would be significantly reduced.<\/span><\/span><\/span><\/p>\n<h2 class=\"fusion-responsive-typography-calculated\" style=\"--fontsize: 31; line-height: 1.2;\" data-fontsize=\"31\" data-lineheight=\"37.2px\"><span class=\"HwtZe\" lang=\"ca\"><span class=\"jCAhz ChMk0b\"><span class=\"ryNqvb\" style=\"color: var(--awb-color5);\">Cookies used on this website<\/span><\/span><\/span><\/h2>\n<div class=\"UdTY9 WdefRb\" aria-hidden=\"true\" data-location=\"2\">\n<ol>\n<li class=\"kO6q6e\"><span class=\"HwtZe\" lang=\"ca\"><span class=\"jCAhz ChMk0b\"><span class=\"ryNqvb\" style=\"color: var(--awb-color5);\">Following the guidelines of the Spanish Data Protection Agency, we proceed to detail the use of cookies made by this website in order to inform you as accurately as possible. <\/span><\/span><\/span><\/li>\n<li class=\"kO6q6e\"><span class=\"HwtZe\" lang=\"ca\"><span class=\"HwtZe\" lang=\"ca\"><span class=\"jCAhz ChMk0b\"><span class=\"ryNqvb\" style=\"color: var(--awb-color5);\">This website uses the following cookies <\/span><\/span><\/span><\/span><strong><em><span style=\"color: var(--awb-color5);\">cookies <\/em> own <\/strong>:<\/span><\/em><\/strong><\/li>\n<li><span class=\"HwtZe\" lang=\"ca\"><span class=\"jCAhz ChMk0b\"><span class=\"ryNqvb\"><em><span style=\"color: var(--awb-color5);\">Session Cookies<\/span><\/em><span style=\"color: var(--awb-color5);\">, to ensure that users who write comments on the blog are human and not automated applications.<\/span><\/span><\/span> <span class=\"jCAhz ChMk0b\"><span class=\"ryNqvb\" style=\"color: var(--awb-color5);\">In this way spam is combated.<\/span><\/span> <span class=\"jCAhz ChMk0b\"><span class=\"ryNqvb\"><span style=\"color: var(--awb-color5);\">This website uses the following <\/span><strong><em><span style=\"color: var(--awb-color5);\">cookies <\/em> of third <\/strong>:<\/span><\/em><\/strong><br \/><span style=\"color: var(--awb-color5);\"><br \/><\/span><\/span><\/span><\/span><\/li>\n<li><span class=\"HwtZe\" lang=\"ca\"><span class=\"jCAhz ChMk0b\"><span class=\"ryNqvb\" style=\"color: var(--awb-color5);\">Google Analytics: It stores cookies to be able to compile statistics on traffic and the volume of visits to this website.<\/span><\/span> <span class=\"jCAhz ChMk0b\"><span class=\"ryNqvb\" style=\"color: var(--awb-color5);\">En utilitzar aquest lloc web est\u00e0 consentint el tractament dinformaci\u00f3 sobre vost\u00e8 per Google.<\/span><\/span> <span class=\"jCAhz ChMk0b\"><span class=\"ryNqvb\" style=\"color: var(--awb-color5);\">Therefore, the exercise of any right in this regard must be done by communicating directly with Google.<\/span><\/span><\/span><\/li>\n<li><span class=\"HwtZe\" lang=\"ca\"><span class=\"jCAhz ChMk0b\"><span class=\"ryNqvb\" style=\"color: var(--awb-color5);\">Social networks: Each social network uses its own cookies <\/em> when you click on buttons like <\/em> or Share.<\/span><\/span><\/span><\/li>\n<\/ol>\n<h2 class=\"fusion-responsive-typography-calculated\" style=\"--fontsize: 31; line-height: 1.2;\" data-fontsize=\"31\" data-lineheight=\"37.2px\"><span class=\"HwtZe\" lang=\"ca\"><span class=\"jCAhz ChMk0b\"><span class=\"ryNqvb\" style=\"color: var(--awb-color5);\">Deactivation or elimination of cookies<\/span><\/span><\/span><\/h2>\n<p><span class=\"HwtZe\" lang=\"ca\"><span class=\"jCAhz ChMk0b\"><span class=\"ryNqvb\" style=\"color: var(--awb-color5);\">At any time you can exercise your right to deactivate or delete cookies from this website.<\/span><\/span> <span class=\"jCAhz ChMk0b\"><span class=\"ryNqvb\" style=\"color: var(--awb-color5);\">These actions are carried out differently depending on the browser you use.<\/span><\/span><\/span><\/p>\n<h2 class=\"fusion-responsive-typography-calculated\" style=\"--fontsize: 31; line-height: 1.2;\" data-fontsize=\"31\" data-lineheight=\"37.2px\"><span class=\"HwtZe\" lang=\"ca\"><span class=\"jCAhz ChMk0b\"><span class=\"ryNqvb\" style=\"color: var(--awb-color5);\">Additional Notes<\/span><\/span><\/span><\/h2>\n<ol>\n<li><span class=\"HwtZe\" lang=\"ca\"><span class=\"jCAhz ChMk0b\"><span class=\"ryNqvb\" style=\"color: var(--awb-color5);\">Neither this website nor its legal representatives are responsible for the content or the veracity of the privacy policies that third parties mentioned in this cookie policy may have.<\/span><\/span><\/span><\/li>\n<li><span class=\"HwtZe\" lang=\"ca\"><span class=\"jCAhz ChMk0b\"><span class=\"ryNqvb\" style=\"color: var(--awb-color5);\">Web browsers are the tools in charge of storing cookies and from this place you must exercise the right to delete or disable it.<\/span><\/span> <span class=\"jCAhz ChMk0b\"><span class=\"ryNqvb\" style=\"color: var(--awb-color5);\">Neither this website nor its legal representatives can guarantee the correct or incorrect manipulation of cookies by browsers. In some cases it is necessary to install cookies so that the browser does not forget your decision not to accept cookies.<\/span><\/span><\/span><\/li>\n<li><span class=\"HwtZe\" lang=\"ca\"><span class=\"jCAhz ChMk0b\"><span class=\"ryNqvb\" style=\"color: var(--awb-color5);\"> In the case of Google Analytics cookies, this company stores cookies on servers in the United States and undertakes not to share it with third parties, except in cases that are necessary for the operation of the system or when required by law<\/span><\/span> <span class=\"jCAhz ChMk0b\"><span class=\"ryNqvb\" style=\"color: var(--awb-color5);\">to this end.<\/span><\/span> <span class=\"jCAhz ChMk0b\"><span class=\"ryNqvb\" style=\"color: var(--awb-color5);\">Google does not save your IP address.<\/span><\/span> <span class=\"jCAhz ChMk0b\"><span class=\"ryNqvb\" style=\"color: var(--awb-color5);\">Google Inc. is a company adhered to the Safe Harbor Agreement that guarantees that all transferred data will be treated with a level of protection in accordance with European regulations.<\/span><\/span> <span class=\"jCAhz ChMk0b\"><span class=\"ryNqvb\"><span style=\"color: var(--awb-color5);\">You can consult detailed information about this at <\/span><a style=\"color: var(--awb-color5);\" href=\"http:\/\/safeharbor.export.gov\/companyinfo.aspx?id=16626\" target=\"_blank\" rel=\"noopener\"><strong>enlla\u00e7<\/strong><\/a><span style=\"color: var(--awb-color5);\">.<\/span><\/span><\/span> <span class=\"jCAhz ChMk0b\"><span class=\"ryNqvb\" style=\"color: var(--awb-color5);\">&lt; \/ li&gt;<\/span><\/span><\/span><\/li>\n<li><span class=\"HwtZe\" lang=\"ca\"><span class=\"jCAhz ChMk0b\"><span class=\"ryNqvb\"><span style=\"color: var(--awb-color5);\">If you want information about the use that Google gives to cookies <\/span><strong><a style=\"color: var(--awb-color5);\" href=\"https:\/\/developers.google.com\/analytics\/devguides\/collection\/analyticsjs\/cookie-usage?hl=es&amp;csw=1\">join this other link<\/a><\/strong><span style=\"color: var(--awb-color5);\">.<\/span><\/span><\/span><\/span><\/li>\n<li><span class=\"HwtZe\" lang=\"ca\"><span class=\"jCAhz ChMk0b\"><span class=\"ryNqvb\" style=\"color: var(--awb-color5);\">For any questions or queries about this cookie policy, do not hesitate to contact us through the contact section.<\/span><\/span><\/span><\/li>\n<\/ol>\n<\/div>\n<\/div><\/div><\/div><\/div><\/div>","protected":false},"excerpt":{"rendered":"","protected":false},"author":2,"featured_media":0,"parent":0,"menu_order":0,"comment_status":"closed","ping_status":"open","template":"","meta":{"footnotes":""},"class_list":["post-4974","page","type-page","status-publish","hentry"],"yoast_head":"<!-- This site is optimized with the Yoast SEO plugin v27.4 - https:\/\/yoast.com\/product\/yoast-seo-wordpress\/ -->\n<title>Pol\u00edtica de Cookies - Ginesart<\/title>\n<meta name=\"description\" content=\"Una galeta \u00e9s un petit arxiu de text que s&#039;emmagatzema al vostre navegador quan visita gaireb\u00e9 qualsevol p\u00e0gina web.\" \/>\n<meta name=\"robots\" content=\"index, follow, max-snippet:-1, max-image-preview:large, max-video-preview:-1\" \/>\n<link rel=\"canonical\" href=\"https:\/\/ginesart.com\/en\/politica-de-cookies\/\" \/>\n<meta property=\"og:locale\" content=\"en_US\" \/>\n<meta property=\"og:type\" content=\"article\" \/>\n<meta property=\"og:title\" content=\"Pol\u00edtica de Cookies - Ginesart\" \/>\n<meta property=\"og:description\" content=\"Una galeta \u00e9s un petit arxiu de text que s&#039;emmagatzema al vostre navegador quan visita gaireb\u00e9 qualsevol p\u00e0gina web.\" \/>\n<meta property=\"og:url\" content=\"https:\/\/ginesart.com\/en\/politica-de-cookies\/\" \/>\n<meta property=\"og:site_name\" content=\"Ginesart\" \/>\n<meta property=\"article:publisher\" content=\"https:\/\/es-la.facebook.com\/people\/Ginesart\/100054370517871\/\" \/>\n<meta property=\"article:modified_time\" content=\"2023-09-08T07:02:41+00:00\" \/>\n<meta name=\"twitter:card\" content=\"summary_large_image\" \/>\n<meta name=\"twitter:site\" content=\"@CervesaG\" \/>\n<meta name=\"twitter:label1\" content=\"Est. reading time\" \/>\n\t<meta name=\"twitter:data1\" content=\"3 minutes\" \/>\n<script type=\"application\/ld+json\" class=\"yoast-schema-graph\">{\"@context\":\"https:\\\/\\\/schema.org\",\"@graph\":[{\"@type\":\"WebPage\",\"@id\":\"https:\\\/\\\/ginesart.com\\\/politica-de-cookies\\\/\",\"url\":\"https:\\\/\\\/ginesart.com\\\/politica-de-cookies\\\/\",\"name\":\"Pol\u00edtica de Cookies - Ginesart\",\"isPartOf\":{\"@id\":\"https:\\\/\\\/ginesart.com\\\/#website\"},\"datePublished\":\"2023-09-08T06:19:28+00:00\",\"dateModified\":\"2023-09-08T07:02:41+00:00\",\"description\":\"Una galeta \u00e9s un petit arxiu de text que s'emmagatzema al vostre navegador quan visita gaireb\u00e9 qualsevol p\u00e0gina web.\",\"breadcrumb\":{\"@id\":\"https:\\\/\\\/ginesart.com\\\/politica-de-cookies\\\/#breadcrumb\"},\"inLanguage\":\"en-US\",\"potentialAction\":[{\"@type\":\"ReadAction\",\"target\":[\"https:\\\/\\\/ginesart.com\\\/politica-de-cookies\\\/\"]}]},{\"@type\":\"BreadcrumbList\",\"@id\":\"https:\\\/\\\/ginesart.com\\\/politica-de-cookies\\\/#breadcrumb\",\"itemListElement\":[{\"@type\":\"ListItem\",\"position\":1,\"name\":\"Inici\",\"item\":\"https:\\\/\\\/ginesart.com\\\/\"},{\"@type\":\"ListItem\",\"position\":2,\"name\":\"Pol\u00edtica de Cookies\"}]},{\"@type\":\"WebSite\",\"@id\":\"https:\\\/\\\/ginesart.com\\\/#website\",\"url\":\"https:\\\/\\\/ginesart.com\\\/\",\"name\":\"Ginesart\",\"description\":\"Cervesa artesana de Ginestar\",\"publisher\":{\"@id\":\"https:\\\/\\\/ginesart.com\\\/#organization\"},\"potentialAction\":[{\"@type\":\"SearchAction\",\"target\":{\"@type\":\"EntryPoint\",\"urlTemplate\":\"https:\\\/\\\/ginesart.com\\\/?s={search_term_string}\"},\"query-input\":{\"@type\":\"PropertyValueSpecification\",\"valueRequired\":true,\"valueName\":\"search_term_string\"}}],\"inLanguage\":\"en-US\"},{\"@type\":\"Organization\",\"@id\":\"https:\\\/\\\/ginesart.com\\\/#organization\",\"name\":\"Ginesart\",\"url\":\"https:\\\/\\\/ginesart.com\\\/\",\"logo\":{\"@type\":\"ImageObject\",\"inLanguage\":\"en-US\",\"@id\":\"https:\\\/\\\/ginesart.com\\\/#\\\/schema\\\/logo\\\/image\\\/\",\"url\":\"https:\\\/\\\/ginesart.com\\\/wp-content\\\/uploads\\\/2023\\\/05\\\/favicon-ginesart.jpg\",\"contentUrl\":\"https:\\\/\\\/ginesart.com\\\/wp-content\\\/uploads\\\/2023\\\/05\\\/favicon-ginesart.jpg\",\"width\":180,\"height\":180,\"caption\":\"Ginesart\"},\"image\":{\"@id\":\"https:\\\/\\\/ginesart.com\\\/#\\\/schema\\\/logo\\\/image\\\/\"},\"sameAs\":[\"https:\\\/\\\/es-la.facebook.com\\\/people\\\/Ginesart\\\/100054370517871\\\/\",\"https:\\\/\\\/x.com\\\/CervesaG\",\"https:\\\/\\\/www.instagram.com\\\/cervesaginesart\\\/\"]}]}<\/script>\n<!-- \/ Yoast SEO plugin. -->","yoast_head_json":{"title":"Pol\u00edtica de Cookies - Ginesart","description":"Una galeta \u00e9s un petit arxiu de text que s'emmagatzema al vostre navegador quan visita gaireb\u00e9 qualsevol p\u00e0gina web.","robots":{"index":"index","follow":"follow","max-snippet":"max-snippet:-1","max-image-preview":"max-image-preview:large","max-video-preview":"max-video-preview:-1"},"canonical":"https:\/\/ginesart.com\/en\/politica-de-cookies\/","og_locale":"en_US","og_type":"article","og_title":"Pol\u00edtica de Cookies - Ginesart","og_description":"Una galeta \u00e9s un petit arxiu de text que s'emmagatzema al vostre navegador quan visita gaireb\u00e9 qualsevol p\u00e0gina web.","og_url":"https:\/\/ginesart.com\/en\/politica-de-cookies\/","og_site_name":"Ginesart","article_publisher":"https:\/\/es-la.facebook.com\/people\/Ginesart\/100054370517871\/","article_modified_time":"2023-09-08T07:02:41+00:00","twitter_card":"summary_large_image","twitter_site":"@CervesaG","twitter_misc":{"Est. reading time":"3 minutes"},"schema":{"@context":"https:\/\/schema.org","@graph":[{"@type":"WebPage","@id":"https:\/\/ginesart.com\/politica-de-cookies\/","url":"https:\/\/ginesart.com\/politica-de-cookies\/","name":"Pol\u00edtica de Cookies - Ginesart","isPartOf":{"@id":"https:\/\/ginesart.com\/#website"},"datePublished":"2023-09-08T06:19:28+00:00","dateModified":"2023-09-08T07:02:41+00:00","description":"Una galeta \u00e9s un petit arxiu de text que s'emmagatzema al vostre navegador quan visita gaireb\u00e9 qualsevol p\u00e0gina web.","breadcrumb":{"@id":"https:\/\/ginesart.com\/politica-de-cookies\/#breadcrumb"},"inLanguage":"en-US","potentialAction":[{"@type":"ReadAction","target":["https:\/\/ginesart.com\/politica-de-cookies\/"]}]},{"@type":"BreadcrumbList","@id":"https:\/\/ginesart.com\/politica-de-cookies\/#breadcrumb","itemListElement":[{"@type":"ListItem","position":1,"name":"Inici","item":"https:\/\/ginesart.com\/"},{"@type":"ListItem","position":2,"name":"Pol\u00edtica de Cookies"}]},{"@type":"WebSite","@id":"https:\/\/ginesart.com\/#website","url":"https:\/\/ginesart.com\/","name":"Ginesart beer","description":"Cervesa artesana de Ginestar","publisher":{"@id":"https:\/\/ginesart.com\/#organization"},"potentialAction":[{"@type":"SearchAction","target":{"@type":"EntryPoint","urlTemplate":"https:\/\/ginesart.com\/?s={search_term_string}"},"query-input":{"@type":"PropertyValueSpecification","valueRequired":true,"valueName":"search_term_string"}}],"inLanguage":"en-US"},{"@type":"Organization","@id":"https:\/\/ginesart.com\/#organization","name":"Ginesart beer","url":"https:\/\/ginesart.com\/","logo":{"@type":"ImageObject","inLanguage":"en-US","@id":"https:\/\/ginesart.com\/#\/schema\/logo\/image\/","url":"https:\/\/ginesart.com\/wp-content\/uploads\/2023\/05\/favicon-ginesart.jpg","contentUrl":"https:\/\/ginesart.com\/wp-content\/uploads\/2023\/05\/favicon-ginesart.jpg","width":180,"height":180,"caption":"Ginesart"},"image":{"@id":"https:\/\/ginesart.com\/#\/schema\/logo\/image\/"},"sameAs":["https:\/\/es-la.facebook.com\/people\/Ginesart\/100054370517871\/","https:\/\/x.com\/CervesaG","https:\/\/www.instagram.com\/cervesaginesart\/"]}]}},"_links":{"self":[{"href":"https:\/\/ginesart.com\/en\/wp-json\/wp\/v2\/pages\/4974","targetHints":{"allow":["GET"]}}],"collection":[{"href":"https:\/\/ginesart.com\/en\/wp-json\/wp\/v2\/pages"}],"about":[{"href":"https:\/\/ginesart.com\/en\/wp-json\/wp\/v2\/types\/page"}],"author":[{"embeddable":true,"href":"https:\/\/ginesart.com\/en\/wp-json\/wp\/v2\/users\/2"}],"replies":[{"embeddable":true,"href":"https:\/\/ginesart.com\/en\/wp-json\/wp\/v2\/comments?post=4974"}],"version-history":[{"count":5,"href":"https:\/\/ginesart.com\/en\/wp-json\/wp\/v2\/pages\/4974\/revisions"}],"predecessor-version":[{"id":4987,"href":"https:\/\/ginesart.com\/en\/wp-json\/wp\/v2\/pages\/4974\/revisions\/4987"}],"wp:attachment":[{"href":"https:\/\/ginesart.com\/en\/wp-json\/wp\/v2\/media?parent=4974"}],"curies":[{"name":"wp","href":"https:\/\/api.w.org\/{rel}","templated":true}]}}