{"id":5113,"date":"2024-04-24T10:24:03","date_gmt":"2024-04-24T08:24:03","guid":{"rendered":"https:\/\/ginesart.net\/?post_type=product&#038;p=5113"},"modified":"2024-05-15T07:12:49","modified_gmt":"2024-05-15T05:12:49","slug":"cervesa-berta-33cl","status":"publish","type":"product","link":"https:\/\/ginesart.com\/es\/producto\/cervesa-berta-33cl\/","title":{"rendered":"Cervesa Berta 33cl"},"content":{"rendered":"","protected":false},"excerpt":{"rendered":"<p>Cervesa d&#8217;alta fermentaci\u00f3. Elaborada amb maltes clares d&#8217;ordi i ll\u00fapols suaus. El seu nom es en honor a la <strong>meva neboda BERTA<\/strong>.<\/p>\n<h4><span style=\"color: #ffffff;\"><strong>Estilo Cervecero<\/strong><\/span><\/h4>\n<p>Cervesa <strong>Mild<\/strong>.<\/p>\n<h4><span style=\"color: #ffffff;\"><strong>Nota de cata<\/strong><\/span><\/h4>\n<p>Fase Visual: Color ambre &#8211; lil\u00f3s intens. Consist\u00e8ncia escumosa baixa. El carb\u00f2nic \u00e9s creat de forma natural durant la segona fermentaci\u00f3 en ampolla.<\/p>\n<p>Fase Olfactiva: Aroma fruits secs i c\u00edtrics. Es percep una aroma fresca en nas amb un subtil toc ha llevat.<\/p>\n<p>Fase Gustativa: fresca a l&#8217;entrada en boca. Sensaci\u00f3 d&#8217;amargor suau, que prov\u00e9 del ll\u00fapol. \u00c9s una cervesa suau, ideal per a qualsevol moment.<\/p>\n<h4><span style=\"color: #ffffff;\"><strong>Ingredientes<\/strong><\/span><\/h4>\n<p><em>Maltas<\/em>: Pale Ale, Pilsner. Munich, Abadia i Acida.<br \/>\n<em>Flor de l\u00fapulos<\/em>: Cascade i Saaz. Llevats.<\/p>\n<h4><strong><span style=\"color: #ffffff;\">Graduaci\u00f3n alcoh\u00f3lica<\/span><br \/>\n<\/strong><\/h4>\n<p>4,2% Alc. Vol.<\/p>\n<h4><span style=\"color: #ffffff;\"><strong>Graduaci\u00f3 d&#8217;amargor<\/strong><\/span><\/h4>\n<p>17 IBUS<\/p>\n<p>&nbsp;<\/p>","protected":false},"featured_media":5120,"template":"","meta":[],"product_brand":[],"product_cat":[41,33],"product_tag":[],"class_list":{"0":"post-5113","1":"product","2":"type-product","3":"status-publish","4":"has-post-thumbnail","6":"product_cat-33cl","7":"product_cat-cerveses","9":"first","10":"instock","11":"taxable","12":"shipping-taxable","13":"purchasable","14":"product-type-simple"},"yoast_head":"<!-- This site is optimized with the Yoast SEO plugin v27.4 - https:\/\/yoast.com\/product\/yoast-seo-wordpress\/ -->\n<title>Cervesa Berta 33cl - Ginesart<\/title>\n<meta name=\"description\" content=\"Cervesa d&#039;alta fermentaci\u00f3. Elaborada amb maltes clares d&#039;ordi i ll\u00fapols suaus. El seu nom es en honor a la meva neboda Berta.\" \/>\n<meta name=\"robots\" content=\"index, follow, max-snippet:-1, max-image-preview:large, max-video-preview:-1\" \/>\n<link rel=\"canonical\" href=\"https:\/\/ginesart.com\/es\/producto\/cervesa-berta-33cl\/\" \/>\n<meta property=\"og:locale\" content=\"es_ES\" \/>\n<meta property=\"og:type\" content=\"article\" \/>\n<meta property=\"og:title\" content=\"Cervesa Berta 33cl - Ginesart\" \/>\n<meta property=\"og:description\" content=\"Cervesa d&#039;alta fermentaci\u00f3. Elaborada amb maltes clares d&#039;ordi i ll\u00fapols suaus. El seu nom es en honor a la meva neboda Berta.\" \/>\n<meta property=\"og:url\" content=\"https:\/\/ginesart.com\/es\/producto\/cervesa-berta-33cl\/\" \/>\n<meta property=\"og:site_name\" content=\"Ginesart\" \/>\n<meta property=\"article:publisher\" content=\"https:\/\/es-la.facebook.com\/people\/Ginesart\/100054370517871\/\" \/>\n<meta property=\"article:modified_time\" content=\"2024-05-15T05:12:49+00:00\" \/>\n<meta property=\"og:image\" content=\"https:\/\/ginesart.com\/wp-content\/uploads\/2024\/04\/AB0A4777_1x1.jpg\" \/>\n\t<meta property=\"og:image:width\" content=\"1200\" \/>\n\t<meta property=\"og:image:height\" content=\"1200\" \/>\n\t<meta property=\"og:image:type\" content=\"image\/jpeg\" \/>\n<meta name=\"twitter:card\" content=\"summary_large_image\" \/>\n<meta name=\"twitter:site\" content=\"@CervesaG\" \/>\n<script type=\"application\/ld+json\" class=\"yoast-schema-graph\">{\"@context\":\"https:\\\/\\\/schema.org\",\"@graph\":[{\"@type\":\"WebPage\",\"@id\":\"https:\\\/\\\/ginesart.com\\\/producte\\\/cervesa-berta-33cl\\\/\",\"url\":\"https:\\\/\\\/ginesart.com\\\/producte\\\/cervesa-berta-33cl\\\/\",\"name\":\"Cervesa Berta 33cl - Ginesart\",\"isPartOf\":{\"@id\":\"https:\\\/\\\/ginesart.com\\\/#website\"},\"primaryImageOfPage\":{\"@id\":\"https:\\\/\\\/ginesart.com\\\/producte\\\/cervesa-berta-33cl\\\/#primaryimage\"},\"image\":{\"@id\":\"https:\\\/\\\/ginesart.com\\\/producte\\\/cervesa-berta-33cl\\\/#primaryimage\"},\"thumbnailUrl\":\"https:\\\/\\\/ginesart.com\\\/wp-content\\\/uploads\\\/2024\\\/04\\\/AB0A4777_1x1.jpg\",\"datePublished\":\"2024-04-24T08:24:03+00:00\",\"dateModified\":\"2024-05-15T05:12:49+00:00\",\"description\":\"Cervesa d'alta fermentaci\u00f3. Elaborada amb maltes clares d'ordi i ll\u00fapols suaus. El seu nom es en honor a la meva neboda Berta.\",\"breadcrumb\":{\"@id\":\"https:\\\/\\\/ginesart.com\\\/producte\\\/cervesa-berta-33cl\\\/#breadcrumb\"},\"inLanguage\":\"es\",\"potentialAction\":[{\"@type\":\"ReadAction\",\"target\":[\"https:\\\/\\\/ginesart.com\\\/producte\\\/cervesa-berta-33cl\\\/\"]}]},{\"@type\":\"ImageObject\",\"inLanguage\":\"es\",\"@id\":\"https:\\\/\\\/ginesart.com\\\/producte\\\/cervesa-berta-33cl\\\/#primaryimage\",\"url\":\"https:\\\/\\\/ginesart.com\\\/wp-content\\\/uploads\\\/2024\\\/04\\\/AB0A4777_1x1.jpg\",\"contentUrl\":\"https:\\\/\\\/ginesart.com\\\/wp-content\\\/uploads\\\/2024\\\/04\\\/AB0A4777_1x1.jpg\",\"width\":1200,\"height\":1200},{\"@type\":\"BreadcrumbList\",\"@id\":\"https:\\\/\\\/ginesart.com\\\/producte\\\/cervesa-berta-33cl\\\/#breadcrumb\",\"itemListElement\":[{\"@type\":\"ListItem\",\"position\":1,\"name\":\"Inici\",\"item\":\"https:\\\/\\\/ginesart.com\\\/\"},{\"@type\":\"ListItem\",\"position\":2,\"name\":\"Botiga\",\"item\":\"https:\\\/\\\/ginesart.com\\\/botiga\\\/\"},{\"@type\":\"ListItem\",\"position\":3,\"name\":\"Cervesa Berta 33cl\"}]},{\"@type\":\"WebSite\",\"@id\":\"https:\\\/\\\/ginesart.com\\\/#website\",\"url\":\"https:\\\/\\\/ginesart.com\\\/\",\"name\":\"Ginesart\",\"description\":\"Cervesa artesana de Ginestar\",\"publisher\":{\"@id\":\"https:\\\/\\\/ginesart.com\\\/#organization\"},\"potentialAction\":[{\"@type\":\"SearchAction\",\"target\":{\"@type\":\"EntryPoint\",\"urlTemplate\":\"https:\\\/\\\/ginesart.com\\\/?s={search_term_string}\"},\"query-input\":{\"@type\":\"PropertyValueSpecification\",\"valueRequired\":true,\"valueName\":\"search_term_string\"}}],\"inLanguage\":\"es\"},{\"@type\":\"Organization\",\"@id\":\"https:\\\/\\\/ginesart.com\\\/#organization\",\"name\":\"Ginesart\",\"url\":\"https:\\\/\\\/ginesart.com\\\/\",\"logo\":{\"@type\":\"ImageObject\",\"inLanguage\":\"es\",\"@id\":\"https:\\\/\\\/ginesart.com\\\/#\\\/schema\\\/logo\\\/image\\\/\",\"url\":\"https:\\\/\\\/ginesart.com\\\/wp-content\\\/uploads\\\/2023\\\/05\\\/favicon-ginesart.jpg\",\"contentUrl\":\"https:\\\/\\\/ginesart.com\\\/wp-content\\\/uploads\\\/2023\\\/05\\\/favicon-ginesart.jpg\",\"width\":180,\"height\":180,\"caption\":\"Ginesart\"},\"image\":{\"@id\":\"https:\\\/\\\/ginesart.com\\\/#\\\/schema\\\/logo\\\/image\\\/\"},\"sameAs\":[\"https:\\\/\\\/es-la.facebook.com\\\/people\\\/Ginesart\\\/100054370517871\\\/\",\"https:\\\/\\\/x.com\\\/CervesaG\",\"https:\\\/\\\/www.instagram.com\\\/cervesaginesart\\\/\"]}]}<\/script>\n<!-- \/ Yoast SEO plugin. -->","yoast_head_json":{"title":"Cervesa Berta 33cl - Ginesart","description":"Cervesa d'alta fermentaci\u00f3. Elaborada amb maltes clares d'ordi i ll\u00fapols suaus. El seu nom es en honor a la meva neboda Berta.","robots":{"index":"index","follow":"follow","max-snippet":"max-snippet:-1","max-image-preview":"max-image-preview:large","max-video-preview":"max-video-preview:-1"},"canonical":"https:\/\/ginesart.com\/es\/producto\/cervesa-berta-33cl\/","og_locale":"es_ES","og_type":"article","og_title":"Cervesa Berta 33cl - Ginesart","og_description":"Cervesa d'alta fermentaci\u00f3. Elaborada amb maltes clares d'ordi i ll\u00fapols suaus. El seu nom es en honor a la meva neboda Berta.","og_url":"https:\/\/ginesart.com\/es\/producto\/cervesa-berta-33cl\/","og_site_name":"Ginesart","article_publisher":"https:\/\/es-la.facebook.com\/people\/Ginesart\/100054370517871\/","article_modified_time":"2024-05-15T05:12:49+00:00","og_image":[{"width":1200,"height":1200,"url":"https:\/\/ginesart.com\/wp-content\/uploads\/2024\/04\/AB0A4777_1x1.jpg","type":"image\/jpeg"}],"twitter_card":"summary_large_image","twitter_site":"@CervesaG","schema":{"@context":"https:\/\/schema.org","@graph":[{"@type":"WebPage","@id":"https:\/\/ginesart.com\/producte\/cervesa-berta-33cl\/","url":"https:\/\/ginesart.com\/producte\/cervesa-berta-33cl\/","name":"Cervesa Berta 33cl - Ginesart","isPartOf":{"@id":"https:\/\/ginesart.com\/#website"},"primaryImageOfPage":{"@id":"https:\/\/ginesart.com\/producte\/cervesa-berta-33cl\/#primaryimage"},"image":{"@id":"https:\/\/ginesart.com\/producte\/cervesa-berta-33cl\/#primaryimage"},"thumbnailUrl":"https:\/\/ginesart.com\/wp-content\/uploads\/2024\/04\/AB0A4777_1x1.jpg","datePublished":"2024-04-24T08:24:03+00:00","dateModified":"2024-05-15T05:12:49+00:00","description":"Cervesa d'alta fermentaci\u00f3. Elaborada amb maltes clares d'ordi i ll\u00fapols suaus. El seu nom es en honor a la meva neboda Berta.","breadcrumb":{"@id":"https:\/\/ginesart.com\/producte\/cervesa-berta-33cl\/#breadcrumb"},"inLanguage":"es","potentialAction":[{"@type":"ReadAction","target":["https:\/\/ginesart.com\/producte\/cervesa-berta-33cl\/"]}]},{"@type":"ImageObject","inLanguage":"es","@id":"https:\/\/ginesart.com\/producte\/cervesa-berta-33cl\/#primaryimage","url":"https:\/\/ginesart.com\/wp-content\/uploads\/2024\/04\/AB0A4777_1x1.jpg","contentUrl":"https:\/\/ginesart.com\/wp-content\/uploads\/2024\/04\/AB0A4777_1x1.jpg","width":1200,"height":1200},{"@type":"BreadcrumbList","@id":"https:\/\/ginesart.com\/producte\/cervesa-berta-33cl\/#breadcrumb","itemListElement":[{"@type":"ListItem","position":1,"name":"Inici","item":"https:\/\/ginesart.com\/"},{"@type":"ListItem","position":2,"name":"Botiga","item":"https:\/\/ginesart.com\/botiga\/"},{"@type":"ListItem","position":3,"name":"Cervesa Berta 33cl"}]},{"@type":"WebSite","@id":"https:\/\/ginesart.com\/#website","url":"https:\/\/ginesart.com\/","name":"Ginesart","description":"Cervesa artesana de Ginestar","publisher":{"@id":"https:\/\/ginesart.com\/#organization"},"potentialAction":[{"@type":"SearchAction","target":{"@type":"EntryPoint","urlTemplate":"https:\/\/ginesart.com\/?s={search_term_string}"},"query-input":{"@type":"PropertyValueSpecification","valueRequired":true,"valueName":"search_term_string"}}],"inLanguage":"es"},{"@type":"Organization","@id":"https:\/\/ginesart.com\/#organization","name":"Ginesart","url":"https:\/\/ginesart.com\/","logo":{"@type":"ImageObject","inLanguage":"es","@id":"https:\/\/ginesart.com\/#\/schema\/logo\/image\/","url":"https:\/\/ginesart.com\/wp-content\/uploads\/2023\/05\/favicon-ginesart.jpg","contentUrl":"https:\/\/ginesart.com\/wp-content\/uploads\/2023\/05\/favicon-ginesart.jpg","width":180,"height":180,"caption":"Ginesart"},"image":{"@id":"https:\/\/ginesart.com\/#\/schema\/logo\/image\/"},"sameAs":["https:\/\/es-la.facebook.com\/people\/Ginesart\/100054370517871\/","https:\/\/x.com\/CervesaG","https:\/\/www.instagram.com\/cervesaginesart\/"]}]}},"_links":{"self":[{"href":"https:\/\/ginesart.com\/es\/wp-json\/wp\/v2\/product\/5113","targetHints":{"allow":["GET"]}}],"collection":[{"href":"https:\/\/ginesart.com\/es\/wp-json\/wp\/v2\/product"}],"about":[{"href":"https:\/\/ginesart.com\/es\/wp-json\/wp\/v2\/types\/product"}],"wp:featuredmedia":[{"embeddable":true,"href":"https:\/\/ginesart.com\/es\/wp-json\/wp\/v2\/media\/5120"}],"wp:attachment":[{"href":"https:\/\/ginesart.com\/es\/wp-json\/wp\/v2\/media?parent=5113"}],"wp:term":[{"taxonomy":"product_brand","embeddable":true,"href":"https:\/\/ginesart.com\/es\/wp-json\/wp\/v2\/product_brand?post=5113"},{"taxonomy":"product_cat","embeddable":true,"href":"https:\/\/ginesart.com\/es\/wp-json\/wp\/v2\/product_cat?post=5113"},{"taxonomy":"product_tag","embeddable":true,"href":"https:\/\/ginesart.com\/es\/wp-json\/wp\/v2\/product_tag?post=5113"}],"curies":[{"name":"wp","href":"https:\/\/api.w.org\/{rel}","templated":true}]}}